{"id":1146,"date":"2013-08-14T08:51:04","date_gmt":"2013-08-14T08:51:04","guid":{"rendered":"http:\/\/itiden.net\/?page_id=1146"},"modified":"2013-10-19T14:14:26","modified_gmt":"2013-10-19T14:14:26","slug":"mini","status":"publish","type":"page","link":"http:\/\/itiden.net\/?page_id=1146","title":{"rendered":"Mini"},"content":{"rendered":"<p>&nbsp;<\/p>\n<p>&nbsp;<\/p>\n<div class=\"field-group-format group_left field-group-div group-left  speed-none effect-none\">\n<h2 class=\"field field-name-field-left-title field-type-text field-label-hidden\">Den enkla hemsidan<\/h2>\n<section class=\"field field-name-field-left-description field-type-text-long field-label-hidden\"><em>MINI\u00a0<\/em>\u00e4r v\u00e5rt enklaste paket och passar dig som p\u00e5 n\u00e5gra f\u00e5 undersidor med bild och text vill presentera ditt f\u00f6retag. Designen baseras p\u00e5 f\u00e4rdiga mallar och du f\u00e5r sj\u00e4lv m\u00f6jlighet att redigera inneh\u00e5llet.<\/p>\n<h3>Exempel p\u00e5 funktionalitet*<\/h3>\n<ul>\n<li>Hemsida utvecklad i ett standard CMS (WordPress, Drupal, Joomla)<\/li>\n<li>3-4 undersidor<\/li>\n<li>M\u00f6jligheten att redigera text och bilder sj\u00e4lv<\/li>\n<li>M\u00f6jlighet att v\u00e4lja bilder\/logos efter \u00f6nskem\u00e5l<\/li>\n<li>Enklare design baserad p\u00e5 f\u00e4rdig mall<\/li>\n<li>Kontaktformul\u00e4r<\/li>\n<li>Nyhetsfl\u00f6de \/ Blogg<\/li>\n<li>Facebook like-button<\/li>\n<\/ul>\n<p>* <small>Ing\u00e5ende komponenter definieras vid uppdragets uppstart\/avtalstecknande. Ovan n\u00e4mnd funktionalitet \u00e4r enbart exempel p\u00e5 vad som som kan ing\u00e5 i detta paketerbjudande.<\/small><\/p>\n<p><strong><br \/>\n<\/strong><\/p>\n<\/section>\n<p class=\"field field-name-field-price field-type-text field-label-hidden\">Pris: <strong>3 500 kr<\/strong> exklusive moms<\/p>\n<\/div>\n","protected":false},"excerpt":{"rendered":"<p>&nbsp; &nbsp; Den enkla hemsidan MINI\u00a0\u00e4r v\u00e5rt enklaste paket och passar dig som p\u00e5 n\u00e5gra f\u00e5 undersidor med bild och text vill presentera ditt f\u00f6retag. Designen baseras p\u00e5 f\u00e4rdiga mallar och du f\u00e5r sj\u00e4lv m\u00f6jlighet att redigera inneh\u00e5llet. Exempel p\u00e5 funktionalitet* Hemsida utvecklad i ett standard CMS (WordPress, Drupal, Joomla) 3-4 undersidor M\u00f6jligheten att redigera [&hellip;]<\/p>\n","protected":false},"author":1,"featured_media":0,"parent":0,"menu_order":0,"comment_status":"closed","ping_status":"closed","template":"","meta":{"ngg_post_thumbnail":0},"_links":{"self":[{"href":"http:\/\/itiden.net\/index.php?rest_route=\/wp\/v2\/pages\/1146"}],"collection":[{"href":"http:\/\/itiden.net\/index.php?rest_route=\/wp\/v2\/pages"}],"about":[{"href":"http:\/\/itiden.net\/index.php?rest_route=\/wp\/v2\/types\/page"}],"author":[{"embeddable":true,"href":"http:\/\/itiden.net\/index.php?rest_route=\/wp\/v2\/users\/1"}],"replies":[{"embeddable":true,"href":"http:\/\/itiden.net\/index.php?rest_route=%2Fwp%2Fv2%2Fcomments&post=1146"}],"version-history":[{"count":7,"href":"http:\/\/itiden.net\/index.php?rest_route=\/wp\/v2\/pages\/1146\/revisions"}],"predecessor-version":[{"id":1229,"href":"http:\/\/itiden.net\/index.php?rest_route=\/wp\/v2\/pages\/1146\/revisions\/1229"}],"wp:attachment":[{"href":"http:\/\/itiden.net\/index.php?rest_route=%2Fwp%2Fv2%2Fmedia&parent=1146"}],"curies":[{"name":"wp","href":"https:\/\/api.w.org\/{rel}","templated":true}]}}